{"id":1842,"date":"2024-09-10T09:14:40","date_gmt":"2024-09-10T09:14:40","guid":{"rendered":"https:\/\/healthdesire.online\/?page_id=1842"},"modified":"2024-11-07T17:27:09","modified_gmt":"2024-11-07T17:27:09","slug":"ma-el-toro-usa-v2","status":"publish","type":"page","link":"https:\/\/healthdesire.online\/?page_id=1842","title":{"rendered":"MA El Toro USA-V2"},"content":{"rendered":"<style>\r\n    \/* Styles CSS pour la popup *\/\r\n    #popup-container {\r\n        display: none;\r\n        position: fixed;\r\n        top: 50%;\r\n        left: 50%;\r\n        transform: translate(-50%, -50%);\r\n        background-color: rgba(240, 240, 240, 0.8);\r\n        border-radius: 10px;\r\n        box-shadow: 0 0 10px rgba(0, 0, 0, 0.3);\r\n        z-index: 10000;\r\n        padding: 20px;\r\n        width: 90%;\r\n        max-width: 600px;\r\n        height: auto;\r\n        box-sizing: border-box;\r\n    }\r\n\r\n#popup {\r\n    background-color: white;\r\n    padding: 50px;\r\n    border: 1px solid #ccc;\r\n    box-shadow: 0px 0px 10px rgba(0, 0, 0, 0.5);\r\n    display: flex;\r\n    flex-direction: column;\r\n    justify-content: center;\r\n    align-items: center;\r\n    position: relative;\r\n    width: 95%; \/* Rendre la popup un peu plus large que son parent *\/\r\n    max-width: 550px; \/* Ajuste selon tes besoins *\/\r\n    box-sizing: border-box;\r\n}\r\n\r\n  \r\n    .close-btn {\r\n        font-size: 24px;\r\n        color: red;\r\n        position: absolute;\r\n        top: 10px;\r\n        right: 10px;\r\n        cursor: pointer;\r\n    }\r\n\r\n    .arabic-title {\r\nfont-family: 'Cairo', sans-serif;\r\n        font-size: 30px;\r\n        color: red;\r\n        font-weight: bold;\r\n        margin-bottom: 15px;\r\n        text-align: right;\r\n    }\r\n\r\n    .arabic-warning {\r\nfont-family: 'Cairo', sans-serif;\r\n        font-size: 20px;\r\n        color: red;\r\n        font-weight: bold;\r\n        text-align: right;\r\n        margin-top: 20px;\r\n    }\r\n<\/style>\r\n\r\n<!-- Contenu de la popup -->\r\n<div id=\"popup-container\" style=\"display:none;\">\r\n    <div id=\"popup\" style=\"background-color:white; padding:20px; border-radius:8px; max-width:400px; margin:auto; box-shadow:0px 4px 10px rgba(0,0,0,0.1);\">\r\n        <span class=\"close-btn\" onclick=\"closePopup()\" style=\"cursor:pointer; font-size:18px; float:right;\">X<\/span>\r\n        \r\n        <!-- Titre en arabe agrandi et en rouge -->\r\n        <label class=\"arabic-title\" style=\"color:red; font-size:24px; display:block; margin-bottom:15px;\">     \u0623\u0637\u0644\u0628 \u0627\u0644\u0622\u0646 \u0648\u0627\u0631\u0628\u062d %50    <\/label>\r\n\r\n        <!-- Formulaire int\u00e9gr\u00e9 de Forminator -->\r\n        <div class=\"forminator-guttenberg\">\r\n            <div class=\"forminator-ui forminator-custom-form forminator-custom-form-1848 forminator-design--default  forminator_ajax\" data-forminator-render=\"0\" data-form=\"forminator-module-1848\" data-uid=\"69f450dda2d29\"><br\/><\/div><form\n\t\t\t\tid=\"forminator-module-1848\"\n\t\t\t\tclass=\"forminator-ui forminator-custom-form forminator-custom-form-1848 forminator-design--default  forminator_ajax\"\n\t\t\t\tmethod=\"post\"\n\t\t\t\tdata-forminator-render=\"0\"\n\t\t\t\tdata-form-id=\"1848\"\n\t\t\t\t data-color-option=\"default\" data-design=\"default\" data-grid=\"open\" style=\"display: none;\"\n\t\t\t\tdata-uid=\"69f450dda2d29\"\n\t\t\t><div role=\"alert\" aria-live=\"polite\" class=\"forminator-response-message forminator-error\" aria-hidden=\"true\"><\/div><div class=\"forminator-row\"><div id=\"name-1\" class=\"forminator-field-name forminator-col forminator-col-12 \"><div class=\"forminator-field\"><label for=\"forminator-field-name-1_69f450dda2d29\" id=\"forminator-field-name-1_69f450dda2d29-label\" class=\"forminator-label\">\u0627\u0644\u0625\u0633\u0645<\/label><input type=\"text\" name=\"name-1\" value=\"\" placeholder=\"E.g. John Doe\" id=\"forminator-field-name-1_69f450dda2d29\" class=\"forminator-input forminator-name--field\" aria-required=\"false\" autocomplete=\"name\" \/><\/div><\/div><\/div><div class=\"forminator-row\"><div id=\"phone-1\" class=\"forminator-field-phone forminator-col forminator-col-12 \"><div class=\"forminator-field\"><label for=\"forminator-field-phone-1_69f450dda2d29\" id=\"forminator-field-phone-1_69f450dda2d29-label\" class=\"forminator-label\">\u0631\u0642\u0645 \u0627\u0644\u0647\u0627\u062a\u0641 <span class=\"forminator-required\">*<\/span><\/label><input type=\"text\" name=\"phone-1\" value=\"\" placeholder=\"\" id=\"forminator-field-phone-1_69f450dda2d29\" class=\"forminator-input forminator-field--phone\" data-required=\"1\" aria-required=\"true\" autocomplete=\"off\" \/><\/div><\/div><\/div><div class=\"forminator-row forminator-hidden\"><input type=\"hidden\" id=\"hidden-1_69f450dda2d29\" name=\"hidden-1\" value=\"7:06:05 am, GMT+0000\" \/><\/div><div class=\"forminator-row forminator-hidden\"><input type=\"hidden\" id=\"hidden-2_69f450dda2d29\" name=\"hidden-2\" value=\"01\/05\/2026\" \/><\/div><div class=\"forminator-row forminator-hidden\"><input type=\"hidden\" id=\"hidden-3_69f450dda2d29\" name=\"hidden-3\" value=\"https:\/\/healthdesire.online\/?page_id=1842\" \/><\/div><div class=\"forminator-row forminator-hidden\"><input type=\"hidden\" id=\"hidden-4_69f450dda2d29\" name=\"hidden-4\" value=\"https:\/\/healthdesire.online\/?page_id=1842\" \/><\/div><div class=\"forminator-row forminator-hidden\"><input type=\"hidden\" id=\"hidden-5_69f450dda2d29\" name=\"hidden-5\" value=\"216.73.217.126\" \/><\/div><div class=\"forminator-row forminator-hidden\"><input type=\"hidden\" id=\"hidden-6_69f450dda2d29\" name=\"hidden-6\" value=\"6789032a961e139d0\" \/><\/div><input type=\"hidden\" name=\"referer_url\" value=\"\" \/><div class=\"forminator-row forminator-row-last\"><div class=\"forminator-col\"><div class=\"forminator-field\"><button class=\"forminator-button forminator-button-submit\">\u0627\u0644\u0625\u0631\u0633\u0627\u0644<\/button><\/div><\/div><\/div><input type=\"hidden\" id=\"forminator_nonce\" name=\"forminator_nonce\" value=\"a785745356\" \/><input type=\"hidden\" name=\"_wp_http_referer\" value=\"\/index.php?rest_route=%2Fwp%2Fv2%2Fpages%2F1842\" \/><input type=\"hidden\" name=\"form_id\" value=\"1848\"><input type=\"hidden\" name=\"page_id\" value=\"1842\"><input type=\"hidden\" name=\"form_type\" value=\"default\"><input type=\"hidden\" name=\"current_url\" value=\"https:\/\/healthdesire.online\/?page_id=1842\"><input type=\"hidden\" name=\"render_id\" value=\"0\"><input type=\"hidden\" name=\"action\" value=\"forminator_submit_form_custom-forms\"><\/form> <!-- Remplace l'ID par celui de ton formulaire Forminator -->\r\n        <\/div>\r\n\r\n        <!-- Avertissement en arabe et compte \u00e0 rebours -->\r\n        <label class=\"arabic-warning\" style=\"font-size:16px; color:#333;\">\u0627\u0644\u0643\u0645\u064a\u0629 \u0627\u0644\u0645\u062a\u0628\u0642\u064a\u0629: <span id=\"countdown\">356<\/span><\/label>\r\n    <\/div>\r\n<\/div>\r\n\r\n<script>\r\n    \/\/ Fonction pour ouvrir la popup apr\u00e8s 10 secondes\r\n    setTimeout(function() {\r\n        document.getElementById('popup-container').style.display = 'flex';\r\n    }, 10000);\r\n\r\n    \/\/ Fonction pour fermer la popup\r\n    function closePopup() {\r\n        document.getElementById('popup-container').style.display = 'none';\r\n    }\r\n\r\n    \/\/ Fonction de compte \u00e0 rebours\r\n    function countdown() {\r\n        var count = 356;\r\n        var countdownElement = document.getElementById('countdown');\r\n        \r\n        setInterval(function() {\r\n            if (count > 0) {\r\n                count--;\r\n                countdownElement.innerHTML = count;\r\n            }\r\n        }, 1000); \/\/ D\u00e9cr\u00e9menter toutes les secondes\r\n    }\r\n\r\n    \/\/ D\u00e9marrer le compte \u00e0 rebours apr\u00e8s l'affichage de la popup\r\n    setTimeout(function() {\r\n        countdown();\r\n    }, 10000);\r\n\r\n    \/\/ Fonction pour envoyer les donn\u00e9es au webhook avant l'envoi du formulaire Forminator\r\n    document.addEventListener('submit', function(event) {\r\n        if (event.target.matches('.forminator-form')) {\r\n            event.preventDefault(); \/\/ Emp\u00eache l'envoi par d\u00e9faut\r\n\r\n            \/\/ Obtenir les donn\u00e9es du formulaire via Forminator\r\n            var formData = new FormData(event.target);\r\n            var formObject = Object.fromEntries(formData.entries());\r\n\r\n            \/\/ Ajouter des informations suppl\u00e9mentaires (URL de la page et URL de r\u00e9f\u00e9rence)\r\n            formObject.landingPageUrl = window.location.href;\r\n            formObject.refererUrl = document.referrer;\r\n\r\n            \/\/ Envoi des donn\u00e9es via XMLHttpRequest vers le webhook\r\n            var xhr = new XMLHttpRequest();\r\n            xhr.open('POST', 'https:\/\/map.hvserver.site\/webhook\/9ea72442-b3a3-45ce-b789-d5016726b448', true);\r\n            xhr.setRequestHeader('Content-Type', 'application\/json');\r\n            xhr.send(JSON.stringify(formObject));\r\n\r\n            \/\/ Apr\u00e8s envoi des donn\u00e9es, autoriser le formulaire \u00e0 \u00eatre envoy\u00e9\r\n            xhr.onload = function() {\r\n                if (xhr.status === 200) {\r\n                    event.target.submit(); \/\/ Envoyer le formulaire apr\u00e8s succ\u00e8s du webhook\r\n                } else {\r\n                    console.error('Erreur lors de l\\'envoi des donn\u00e9es.');\r\n                }\r\n            };\r\n        }\r\n    });\r\n<\/script>\r\n\r\n\r\n\r\n\r\n<div data-colibri-id=\"1842-c1\" class=\"style-1171 style-local-1842-c1 position-relative\">\r\n  <!---->\r\n  <div data-colibri-component=\"section\" data-colibri-id=\"1842-c2\" id=\"contact\" class=\"h-section h-section-global-spacing d-flex align-items-lg-center align-items-md-center align-items-center style-1172 style-local-1842-c2 position-relative\">\r\n    <!---->\r\n    <!---->\r\n    <div class=\"h-section-grid-container h-section-boxed-container\">\r\n      <!---->\r\n      <div data-colibri-id=\"1842-c3\" class=\"h-row-container gutters-row-lg-0 gutters-row-md-0 gutters-row-0 gutters-row-v-lg-0 gutters-row-v-md-0 gutters-row-v-0 style-1173 style-local-1842-c3 position-relative\">\r\n        <!---->\r\n        <div class=\"h-row justify-content-lg-center justify-content-md-center justify-content-center align-items-lg-stretch align-items-md-stretch align-items-stretch gutters-col-lg-0 gutters-col-md-0 gutters-col-0 gutters-col-v-lg-0 gutters-col-v-md-0 gutters-col-v-0\">\r\n          <!---->\r\n          <div class=\"h-column h-column-container d-flex h-col-lg-auto h-col-md-auto h-col-auto style-1174-outer style-local-1842-c4-outer\">\r\n            <div data-colibri-id=\"1842-c4\" class=\"d-flex h-flex-basis h-column__inner h-px-lg-0 h-px-md-0 h-px-0 v-inner-lg-0 v-inner-md-0 v-inner-0 style-1174 style-local-1842-c4 position-relative\">\r\n              <!---->\r\n              <!---->\r\n              <div class=\"w-100 h-y-container h-column__content h-column__v-align flex-basis-100 align-self-lg-start align-self-md-start align-self-start\">\r\n                <!---->\r\n                <div data-colibri-id=\"1842-c5\" class=\"h-text h-text-component style-1175 style-local-1842-c5 position-relative h-element\">\r\n                  <!---->\r\n                  <!---->\r\n                  <div class=\"\">\r\n                    <p>\u0623\u0631\u0633\u0644 \u0637\u0644\u0628 \u0627\u0644\u0622\u0646 \u0648 \u062a\u0645\u062a\u0639 <span style=\"color: rgb(197, 27, 136); font-weight: 700;\">\u0628\u062a\u062e\u0641\u064a\u0636 \u0631\u0623\u0633 \u0627\u0644\u0633\u0646\u0629<\/span><\/p>\r\n                  <\/div>\r\n                <\/div>\r\n                <div data-colibri-id=\"1842-c6\" class=\"h-contact-form__outer--forminator style-1176 style-local-1842-c6 position-relative h-element\">\r\n                  <!---->\r\n                  <div class=\"h-global-transition-all h-global-transition h-global-transition-all h-contact-form-shortcode\"><div class=\"forminator-ui forminator-custom-form forminator-custom-form-1848 forminator-design--default  forminator_ajax\" data-forminator-render=\"1\" data-form=\"forminator-module-1848\" data-uid=\"69f450dda686f\"><br\/><\/div><form\n\t\t\t\tid=\"forminator-module-1848\"\n\t\t\t\tclass=\"forminator-ui forminator-custom-form forminator-custom-form-1848 forminator-design--default  forminator_ajax\"\n\t\t\t\tmethod=\"post\"\n\t\t\t\tdata-forminator-render=\"1\"\n\t\t\t\tdata-form-id=\"1848\"\n\t\t\t\t data-color-option=\"default\" data-design=\"default\" data-grid=\"open\" style=\"display: none;\"\n\t\t\t\tdata-uid=\"69f450dda686f\"\n\t\t\t><div role=\"alert\" aria-live=\"polite\" class=\"forminator-response-message forminator-error\" aria-hidden=\"true\"><\/div><div class=\"forminator-row\"><div id=\"name-1\" class=\"forminator-field-name forminator-col forminator-col-12 \"><div class=\"forminator-field\"><label for=\"forminator-field-name-1_69f450dda686f\" id=\"forminator-field-name-1_69f450dda686f-label\" class=\"forminator-label\">\u0627\u0644\u0625\u0633\u0645<\/label><input type=\"text\" name=\"name-1\" value=\"\" placeholder=\"E.g. John Doe\" id=\"forminator-field-name-1_69f450dda686f\" class=\"forminator-input forminator-name--field\" aria-required=\"false\" autocomplete=\"name\" \/><\/div><\/div><\/div><div class=\"forminator-row\"><div id=\"phone-1\" class=\"forminator-field-phone forminator-col forminator-col-12 \"><div class=\"forminator-field\"><label for=\"forminator-field-phone-1_69f450dda686f\" id=\"forminator-field-phone-1_69f450dda686f-label\" class=\"forminator-label\">\u0631\u0642\u0645 \u0627\u0644\u0647\u0627\u062a\u0641 <span class=\"forminator-required\">*<\/span><\/label><input type=\"text\" name=\"phone-1\" value=\"\" placeholder=\"\" id=\"forminator-field-phone-1_69f450dda686f\" class=\"forminator-input forminator-field--phone\" data-required=\"1\" aria-required=\"true\" autocomplete=\"off\" \/><\/div><\/div><\/div><div class=\"forminator-row forminator-hidden\"><input type=\"hidden\" id=\"hidden-1_69f450dda686f\" name=\"hidden-1\" value=\"7:06:05 am, GMT+0000\" \/><\/div><div class=\"forminator-row forminator-hidden\"><input type=\"hidden\" id=\"hidden-2_69f450dda686f\" name=\"hidden-2\" value=\"01\/05\/2026\" \/><\/div><div class=\"forminator-row forminator-hidden\"><input type=\"hidden\" id=\"hidden-3_69f450dda686f\" name=\"hidden-3\" value=\"https:\/\/healthdesire.online\/?page_id=1842\" \/><\/div><div class=\"forminator-row forminator-hidden\"><input type=\"hidden\" id=\"hidden-4_69f450dda686f\" name=\"hidden-4\" value=\"https:\/\/healthdesire.online\/?page_id=1842\" \/><\/div><div class=\"forminator-row forminator-hidden\"><input type=\"hidden\" id=\"hidden-5_69f450dda686f\" name=\"hidden-5\" value=\"216.73.217.126\" \/><\/div><div class=\"forminator-row forminator-hidden\"><input type=\"hidden\" id=\"hidden-6_69f450dda686f\" name=\"hidden-6\" value=\"6789032a961e139d0\" \/><\/div><input type=\"hidden\" name=\"referer_url\" value=\"\" \/><div class=\"forminator-row forminator-row-last\"><div class=\"forminator-col\"><div class=\"forminator-field\"><button class=\"forminator-button forminator-button-submit\">\u0627\u0644\u0625\u0631\u0633\u0627\u0644<\/button><\/div><\/div><\/div><input type=\"hidden\" id=\"forminator_nonce\" name=\"forminator_nonce\" value=\"a785745356\" \/><input type=\"hidden\" name=\"_wp_http_referer\" value=\"\/index.php?rest_route=%2Fwp%2Fv2%2Fpages%2F1842\" \/><input type=\"hidden\" name=\"form_id\" value=\"1848\"><input type=\"hidden\" name=\"page_id\" value=\"1842\"><input type=\"hidden\" name=\"form_type\" value=\"default\"><input type=\"hidden\" name=\"current_url\" value=\"https:\/\/healthdesire.online\/?page_id=1842\"><input type=\"hidden\" name=\"render_id\" value=\"1\"><input type=\"hidden\" name=\"action\" value=\"forminator_submit_form_custom-forms\"><\/form><\/div>\r\n                <\/div>\r\n              <\/div>\r\n            <\/div>\r\n          <\/div>\r\n        <\/div>\r\n      <\/div>\r\n    <\/div>\r\n  <\/div>\r\n  <div data-colibri-component=\"section\" data-colibri-id=\"1842-c17\" id=\"contact\" class=\"h-section h-section-global-spacing d-flex align-items-lg-center align-items-md-center align-items-center style-1172 style-local-1842-c17 position-relative\">\r\n    <!---->\r\n    <!---->\r\n    <div class=\"h-section-grid-container h-section-boxed-container\">\r\n      <!---->\r\n      <div data-colibri-id=\"1842-c18\" class=\"h-row-container gutters-row-lg-2 gutters-row-md-2 gutters-row-0 gutters-row-v-lg-2 gutters-row-v-md-2 gutters-row-v-2 style-1187 style-local-1842-c18 position-relative\">\r\n        <!---->\r\n        <div class=\"h-row justify-content-lg-center justify-content-md-center justify-content-center align-items-lg-stretch align-items-md-stretch align-items-stretch gutters-col-lg-2 gutters-col-md-2 gutters-col-0 gutters-col-v-lg-2 gutters-col-v-md-2 gutters-col-v-2\">\r\n          <!---->\r\n          <div class=\"h-column h-column-container d-flex h-col-lg-auto h-col-md-auto h-col-auto style-1188-outer style-local-1842-c19-outer\">\r\n            <div data-colibri-id=\"1842-c19\" class=\"d-flex h-flex-basis h-column__inner h-px-lg-2 h-px-md-2 h-px-2 v-inner-lg-2 v-inner-md-2 v-inner-2 style-1188 style-local-1842-c19 position-relative\">\r\n              <!---->\r\n              <!---->\r\n              <div class=\"w-100 h-y-container h-column__content h-column__v-align flex-basis-100 align-self-lg-start align-self-md-start align-self-start\">\r\n                <!---->\r\n                <div data-colibri-id=\"1842-c20\" class=\"h-global-transition-all h-heading style-1189 style-local-1842-c20 position-relative h-element\">\r\n                  <!---->\r\n                  <div class=\"h-heading__outer style-1189 style-local-1842-c20\">\r\n                    <!---->\r\n                    <!---->\r\n                    <h1 class=\"\"><span style=\"font-family: Cairo; font-weight: 700;\">\u0627\u0644\u062a\u0639\u0644\u064a\u0642\u0627\u062a<\/span><\/h1>\r\n                  <\/div>\r\n                <\/div>\r\n                <div data-colibri-id=\"1842-c21\" class=\"d-block style-1190 style-local-1842-c21 position-relative h-element\">\r\n                  <!---->\r\n                  <div class=\"h-image__frame-container-outer\">\r\n                    <div class=\"h-image__frame-container\">\r\n                      <!---->\r\n                      <!---->\r\n                      <img loading=\"lazy\" decoding=\"async\" width=\"1080\" height=\"1920\" src=\"https:\/\/healthdesire.online\/wp-content\/uploads\/2023\/12\/3.jpg\" class=\"wp-image-164 style-1190-image style-local-1842-c21-image\" alt=\"\" srcset=\"https:\/\/healthdesire.online\/wp-content\/uploads\/2023\/12\/3.jpg 1080w, https:\/\/healthdesire.online\/wp-content\/uploads\/2023\/12\/3-169x300.jpg 169w, https:\/\/healthdesire.online\/wp-content\/uploads\/2023\/12\/3-576x1024.jpg 576w, https:\/\/healthdesire.online\/wp-content\/uploads\/2023\/12\/3-768x1365.jpg 768w, https:\/\/healthdesire.online\/wp-content\/uploads\/2023\/12\/3-864x1536.jpg 864w\" sizes=\"auto, (max-width: 1080px) 100vw, 1080px\" \/>\r\n                      <div class=\"h-image__frame h-hide-lg h-hide-md h-hide-sm style-1190-frameImage style-local-1842-c21-frameImage\"><\/div>\r\n                    <\/div>\r\n                  <\/div>\r\n                <\/div>\r\n                <div data-colibri-id=\"1842-c22\" class=\"d-block style-1191 style-local-1842-c22 position-relative h-element\">\r\n                  <!---->\r\n                  <div class=\"h-image__frame-container-outer\">\r\n                    <div class=\"h-image__frame-container\">\r\n                      <!---->\r\n                      <!---->\r\n                      <img loading=\"lazy\" decoding=\"async\" width=\"1080\" height=\"1920\" src=\"https:\/\/healthdesire.online\/wp-content\/uploads\/2023\/12\/2.jpg\" class=\"wp-image-163 style-1191-image style-local-1842-c22-image\" alt=\"\" srcset=\"https:\/\/healthdesire.online\/wp-content\/uploads\/2023\/12\/2.jpg 1080w, https:\/\/healthdesire.online\/wp-content\/uploads\/2023\/12\/2-169x300.jpg 169w, https:\/\/healthdesire.online\/wp-content\/uploads\/2023\/12\/2-576x1024.jpg 576w, https:\/\/healthdesire.online\/wp-content\/uploads\/2023\/12\/2-768x1365.jpg 768w, https:\/\/healthdesire.online\/wp-content\/uploads\/2023\/12\/2-864x1536.jpg 864w\" sizes=\"auto, (max-width: 1080px) 100vw, 1080px\" \/>\r\n                      <div class=\"h-image__frame h-hide-lg h-hide-md h-hide-sm style-1191-frameImage style-local-1842-c22-frameImage\"><\/div>\r\n                    <\/div>\r\n                  <\/div>\r\n                <\/div>\r\n                <div data-colibri-id=\"1842-c23\" class=\"d-block style-1192 style-local-1842-c23 position-relative h-element\">\r\n                  <!---->\r\n                  <div class=\"h-image__frame-container-outer\">\r\n                    <div class=\"h-image__frame-container\">\r\n                      <!---->\r\n                      <!---->\r\n                      <img loading=\"lazy\" decoding=\"async\" width=\"1080\" height=\"1920\" src=\"https:\/\/healthdesire.online\/wp-content\/uploads\/2023\/12\/1.jpg\" class=\"wp-image-165 style-1192-image style-local-1842-c23-image\" alt=\"\" srcset=\"https:\/\/healthdesire.online\/wp-content\/uploads\/2023\/12\/1.jpg 1080w, https:\/\/healthdesire.online\/wp-content\/uploads\/2023\/12\/1-169x300.jpg 169w, https:\/\/healthdesire.online\/wp-content\/uploads\/2023\/12\/1-576x1024.jpg 576w, https:\/\/healthdesire.online\/wp-content\/uploads\/2023\/12\/1-768x1365.jpg 768w, https:\/\/healthdesire.online\/wp-content\/uploads\/2023\/12\/1-864x1536.jpg 864w\" sizes=\"auto, (max-width: 1080px) 100vw, 1080px\" \/>\r\n                      <div class=\"h-image__frame h-hide-lg h-hide-md h-hide-sm style-1192-frameImage style-local-1842-c23-frameImage\"><\/div>\r\n                    <\/div>\r\n                  <\/div>\r\n                <\/div>\r\n              <\/div>\r\n            <\/div>\r\n          <\/div>\r\n        <\/div>\r\n      <\/div>\r\n    <\/div>\r\n  <\/div>\r\n<\/div>","protected":false},"excerpt":{"rendered":"<p>X \u0623\u0637\u0644\u0628 \u0627\u0644\u0622\u0646 \u0648\u0627\u0631\u0628\u062d %50 \u0627\u0644\u0643\u0645\u064a\u0629 \u0627\u0644\u0645\u062a\u0628\u0642\u064a\u0629: 356 \u0623\u0631\u0633\u0644 \u0637\u0644\u0628 \u0627\u0644\u0622\u0646 \u0648 \u062a\u0645\u062a\u0639 \u0628\u062a\u062e\u0641\u064a\u0636 \u0631\u0623\u0633 \u0627\u0644\u0633\u0646\u0629 \u0627\u0644\u062a\u0639\u0644\u064a\u0642\u0627\u062a<\/p>\n","protected":false},"author":1,"featured_media":0,"parent":0,"menu_order":0,"comment_status":"closed","ping_status":"closed","template":"page-templates\/full-width-page.php","meta":{"_monsterinsights_skip_tracking":false,"_monsterinsights_sitenote_active":false,"_monsterinsights_sitenote_note":"","_monsterinsights_sitenote_category":0,"footnotes":""},"class_list":["post-1842","page","type-page","status-publish","hentry"],"_links":{"self":[{"href":"https:\/\/healthdesire.online\/index.php?rest_route=\/wp\/v2\/pages\/1842","targetHints":{"allow":["GET"]}}],"collection":[{"href":"https:\/\/healthdesire.online\/index.php?rest_route=\/wp\/v2\/pages"}],"about":[{"href":"https:\/\/healthdesire.online\/index.php?rest_route=\/wp\/v2\/types\/page"}],"author":[{"embeddable":true,"href":"https:\/\/healthdesire.online\/index.php?rest_route=\/wp\/v2\/users\/1"}],"replies":[{"embeddable":true,"href":"https:\/\/healthdesire.online\/index.php?rest_route=%2Fwp%2Fv2%2Fcomments&post=1842"}],"version-history":[{"count":4,"href":"https:\/\/healthdesire.online\/index.php?rest_route=\/wp\/v2\/pages\/1842\/revisions"}],"predecessor-version":[{"id":1910,"href":"https:\/\/healthdesire.online\/index.php?rest_route=\/wp\/v2\/pages\/1842\/revisions\/1910"}],"wp:attachment":[{"href":"https:\/\/healthdesire.online\/index.php?rest_route=%2Fwp%2Fv2%2Fmedia&parent=1842"}],"curies":[{"name":"wp","href":"https:\/\/api.w.org\/{rel}","templated":true}]}}