{"id":6105,"date":"2025-12-17T15:23:01","date_gmt":"2025-12-17T15:23:01","guid":{"rendered":"https:\/\/healthdesire.online\/?page_id=6105"},"modified":"2025-12-23T12:03:34","modified_gmt":"2025-12-23T12:03:34","slug":"brain-up","status":"publish","type":"page","link":"https:\/\/healthdesire.online\/?page_id=6105","title":{"rendered":"Brain Up"},"content":{"rendered":"<style>\n    \/* Styles CSS pour la popup *\/\n    #popup-container {\n        display: none;\n        position: fixed;\n        top: 50%;\n        left: 50%;\n        transform: translate(-50%, -50%);\n        background-color: rgba(240, 240, 240, 0.8);\n        border-radius: 10px;\n        box-shadow: 0 0 10px rgba(0, 0, 0, 0.3);\n        z-index: 10000;\n        padding: 20px;\n        width: 90%;\n        max-width: 600px;\n        height: auto;\n        box-sizing: border-box;\n    }\n\n#popup {\n    background-color: white;\n    padding: 50px;\n    border: 1px solid #ccc;\n    box-shadow: 0px 0px 10px rgba(0, 0, 0, 0.5);\n    display: flex;\n    flex-direction: column;\n    justify-content: center;\n    align-items: center;\n    position: relative;\n    width: 95%; \/* Rendre la popup un peu plus large que son parent *\/\n    max-width: 550px; \/* Ajuste selon tes besoins *\/\n    box-sizing: border-box;\n}\n\n  \n    .close-btn {\n        font-size: 24px;\n        color: red;\n        position: absolute;\n        top: 10px;\n        right: 10px;\n        cursor: pointer;\n    }\n\n    .arabic-title {\nfont-family: 'Cairo', sans-serif;\n        font-size: 30px;\n        color: red;\n        font-weight: bold;\n        margin-bottom: 15px;\n        text-align: right;\n    }\n\n    .arabic-warning {\nfont-family: 'Cairo', sans-serif;\n        font-size: 20px;\n        color: red;\n        font-weight: bold;\n        text-align: right;\n        margin-top: 20px;\n    }\n<\/style>\n\n<!-- Contenu de la popup -->\n<div id=\"popup-container\" style=\"display:none;\">\n    <div id=\"popup\" style=\"background-color:white; padding:20px; border-radius:8px; max-width:400px; margin:auto; box-shadow:0px 4px 10px rgba(0,0,0,0.1);\">\n        <span class=\"close-btn\" onclick=\"closePopup()\" style=\"cursor:pointer; font-size:18px; float:right;\">X<\/span>\n        \n        <!-- Titre en arabe agrandi et en rouge -->\n        <label class=\"arabic-title\" style=\"color:red; font-size:24px; display:block; margin-bottom:15px;\">     \u0623\u0637\u0644\u0628 \u0627\u0644\u0622\u0646 \u0648\u0627\u0631\u0628\u062d %50 \u0633\u062a\u062a\u0635\u0644 \u0628\u0643\u0645 \u0623\u062e\u0635\u0627\u0626\u064a\u0629 \u0644\u062a\u0632\u0648\u064a\u062f\u0643\u0645 \u0628\u0627\u0644\u0633\u0639\u0631 \u0648\u0644\u0645\u0646\u062d\u0643\u0645 \u0627\u0633\u062a\u0634\u0627\u0631\u0629 \u0645\u062c\u0627\u0646\u064a\u0629  <\/label>\n\n        <!-- Formulaire int\u00e9gr\u00e9 de Forminator -->\n        <div class=\"forminator-guttenberg\">\n            <div class=\"forminator-ui forminator-custom-form forminator-custom-form-6129 forminator-design--default  forminator_ajax\" data-forminator-render=\"0\" data-form=\"forminator-module-6129\" data-uid=\"69dce028e2cee\"><br\/><\/div><form\n\t\t\t\tid=\"forminator-module-6129\"\n\t\t\t\tclass=\"forminator-ui forminator-custom-form forminator-custom-form-6129 forminator-design--default  forminator_ajax\"\n\t\t\t\tmethod=\"post\"\n\t\t\t\tdata-forminator-render=\"0\"\n\t\t\t\tdata-form-id=\"6129\"\n\t\t\t\t data-color-option=\"default\" data-design=\"default\" data-grid=\"open\" style=\"display: none;\"\n\t\t\t\tdata-uid=\"69dce028e2cee\"\n\t\t\t><div role=\"alert\" aria-live=\"polite\" class=\"forminator-response-message forminator-error\" aria-hidden=\"true\"><\/div><div class=\"forminator-row\"><div id=\"name-1\" class=\"forminator-field-name forminator-col forminator-col-12 \"><div class=\"forminator-field\"><label for=\"forminator-field-name-1_69dce028e2cee\" id=\"forminator-field-name-1_69dce028e2cee-label\" class=\"forminator-label\">\u0627\u0644\u0625\u0633\u0645<\/label><input type=\"text\" name=\"name-1\" value=\"\" placeholder=\"\" id=\"forminator-field-name-1_69dce028e2cee\" class=\"forminator-input forminator-name--field\" aria-required=\"false\" autocomplete=\"name\" \/><\/div><\/div><\/div><div class=\"forminator-row\"><div id=\"phone-1\" class=\"forminator-field-phone forminator-col forminator-col-12 \"><div class=\"forminator-field\"><label for=\"forminator-field-phone-1_69dce028e2cee\" id=\"forminator-field-phone-1_69dce028e2cee-label\" class=\"forminator-label\">\u0631\u0642\u0645 \u0627\u0644\u0647\u0627\u062a\u0641 <span class=\"forminator-required\">*<\/span><\/label><input type=\"text\" name=\"phone-1\" value=\"\" placeholder=\"\" id=\"forminator-field-phone-1_69dce028e2cee\" class=\"forminator-input forminator-field--phone\" data-required=\"1\" aria-required=\"true\" autocomplete=\"off\" \/><\/div><\/div><\/div><div class=\"forminator-row forminator-hidden\"><input type=\"hidden\" id=\"hidden-1_69dce028e2cee\" name=\"hidden-1\" value=\"12:23:04 pm, GMT+0000\" \/><\/div><div class=\"forminator-row forminator-hidden\"><input type=\"hidden\" id=\"hidden-2_69dce028e2cee\" name=\"hidden-2\" value=\"13\/04\/2026\" \/><\/div><div class=\"forminator-row forminator-hidden\"><input type=\"hidden\" id=\"hidden-3_69dce028e2cee\" name=\"hidden-3\" value=\"https:\/\/healthdesire.online\/?page_id=6105\" \/><\/div><div class=\"forminator-row forminator-hidden\"><input type=\"hidden\" id=\"hidden-4_69dce028e2cee\" name=\"hidden-4\" value=\"https:\/\/healthdesire.online\/?page_id=6105\" \/><\/div><div class=\"forminator-row forminator-hidden\"><input type=\"hidden\" id=\"hidden-5_69dce028e2cee\" name=\"hidden-5\" value=\"216.73.216.209\" \/><\/div><div class=\"forminator-row forminator-hidden\"><input type=\"hidden\" id=\"hidden-6_69dce028e2cee\" name=\"hidden-6\" value=\"6942d045c6b5e9d10\" \/><\/div><input type=\"hidden\" name=\"referer_url\" value=\"\" \/><div class=\"forminator-row forminator-row-last\"><div class=\"forminator-col\"><div class=\"forminator-field\"><button class=\"forminator-button forminator-button-submit\">\u0627\u0644\u0625\u0631\u0633\u0627\u0644<\/button><\/div><\/div><\/div><input type=\"hidden\" id=\"forminator_nonce\" name=\"forminator_nonce\" value=\"59fb70a1b6\" \/><input type=\"hidden\" name=\"_wp_http_referer\" value=\"\/index.php?rest_route=%2Fwp%2Fv2%2Fpages%2F6105\" \/><input type=\"hidden\" name=\"form_id\" value=\"6129\"><input type=\"hidden\" name=\"page_id\" value=\"6105\"><input type=\"hidden\" name=\"form_type\" value=\"default\"><input type=\"hidden\" name=\"current_url\" value=\"https:\/\/healthdesire.online\/?page_id=6105\"><input type=\"hidden\" name=\"render_id\" value=\"0\"><input type=\"hidden\" name=\"action\" value=\"forminator_submit_form_custom-forms\"><\/form> <!-- Remplace l'ID par celui de ton formulaire Forminator -->\n        <\/div>\n\n        <!-- Avertissement en arabe et compte \u00e0 rebours -->\n        <label class=\"arabic-warning\" style=\"font-size:16px; color:#333;\">\u0627\u0644\u0643\u0645\u064a\u0629 \u0627\u0644\u0645\u062a\u0628\u0642\u064a\u0629: <span id=\"countdown\">356<\/span><\/label>\n    <\/div>\n<\/div>\n\n<script>\n    \/\/ Fonction pour ouvrir la popup apr\u00e8s 10 secondes\n    setTimeout(function() {\n        document.getElementById('popup-container').style.display = 'flex';\n    }, 10000);\n\n    \/\/ Fonction pour fermer la popup\n    function closePopup() {\n        document.getElementById('popup-container').style.display = 'none';\n    }\n\n    \/\/ Fonction de compte \u00e0 rebours\n    function countdown() {\n        var count = 356;\n        var countdownElement = document.getElementById('countdown');\n        \n        setInterval(function() {\n            if (count > 0) {\n                count--;\n                countdownElement.innerHTML = count;\n            }\n        }, 1000); \/\/ D\u00e9cr\u00e9menter toutes les secondes\n    }\n\n    \/\/ D\u00e9marrer le compte \u00e0 rebours apr\u00e8s l'affichage de la popup\n    setTimeout(function() {\n        countdown();\n    }, 10000);\n\n    \/\/ Fonction pour envoyer les donn\u00e9es au webhook avant l'envoi du formulaire Forminator\n    document.addEventListener('submit', function(event) {\n        if (event.target.matches('.forminator-form')) {\n            event.preventDefault(); \/\/ Emp\u00eache l'envoi par d\u00e9faut\n\n            \/\/ Obtenir les donn\u00e9es du formulaire via Forminator\n            var formData = new FormData(event.target);\n            var formObject = Object.fromEntries(formData.entries());\n\n            \/\/ Ajouter des informations suppl\u00e9mentaires (URL de la page et URL de r\u00e9f\u00e9rence)\n            formObject.landingPageUrl = window.location.href;\n            formObject.refererUrl = document.referrer;\n\n            \/\/ Envoi des donn\u00e9es via XMLHttpRequest vers le webhook\n            var xhr = new XMLHttpRequest();\n            xhr.open('POST', 'https:\/\/map.hvserver.site\/webhook\/9ea72442-b3a3-45ce-b789-d5016726b448', true);\n            xhr.setRequestHeader('Content-Type', 'application\/json');\n            xhr.send(JSON.stringify(formObject));\n\n            \/\/ Apr\u00e8s envoi des donn\u00e9es, autoriser le formulaire \u00e0 \u00eatre envoy\u00e9\n            xhr.onload = function() {\n                if (xhr.status === 200) {\n                    event.target.submit(); \/\/ Envoyer le formulaire apr\u00e8s succ\u00e8s du webhook\n                } else {\n                    console.error('Erreur lors de l\\'envoi des donn\u00e9es.');\n                }\n            };\n        }\n    });\n<\/script>\n\n\n\n\n\n\n\n<div data-colibri-id=\"6105-c1\" class=\"style-5176 style-local-6105-c1 position-relative\">\n  <!---->\n  <div data-colibri-component=\"section\" data-colibri-id=\"6105-c2\" id=\"contact\" class=\"h-section h-section-global-spacing d-flex align-items-lg-center align-items-md-center align-items-center style-5177 style-local-6105-c2 position-relative\">\n    <!---->\n    <!---->\n    <div class=\"h-section-grid-container h-section-boxed-container\">\n      <!---->\n      <div data-colibri-id=\"6105-c3\" class=\"h-row-container gutters-row-lg-0 gutters-row-md-0 gutters-row-0 gutters-row-v-lg-0 gutters-row-v-md-0 gutters-row-v-0 style-5178 style-local-6105-c3 position-relative\">\n        <!---->\n        <div class=\"h-row justify-content-lg-center justify-content-md-center justify-content-center align-items-lg-stretch align-items-md-stretch align-items-stretch gutters-col-lg-0 gutters-col-md-0 gutters-col-0 gutters-col-v-lg-0 gutters-col-v-md-0 gutters-col-v-0\">\n          <!---->\n          <div class=\"h-column h-column-container d-flex h-col-lg-auto h-col-md-auto h-col-auto style-5179-outer style-local-6105-c4-outer\">\n            <div data-colibri-id=\"6105-c4\" class=\"d-flex h-flex-basis h-column__inner h-px-lg-0 h-px-md-0 h-px-0 v-inner-lg-0 v-inner-md-0 v-inner-0 style-5179 style-local-6105-c4 position-relative\">\n              <!---->\n              <!---->\n              <div class=\"w-100 h-y-container h-column__content h-column__v-align flex-basis-100 align-self-lg-start align-self-md-start align-self-start\">\n                <!---->\n                <div data-colibri-id=\"6105-c15\" class=\"d-block style-5298 style-local-6105-c15 position-relative h-element\">\n                  <!---->\n                  <div class=\"h-image__frame-container-outer\">\n                    <div class=\"h-image__frame-container\">\n                      <!---->\n                      <!---->\n                      <img loading=\"lazy\" decoding=\"async\" width=\"1078\" height=\"257\" src=\"https:\/\/healthdesire.online\/wp-content\/uploads\/2025\/12\/cropped-LP-NIGHT-8.png\" class=\"wp-image-6525 style-5298-image style-local-6105-c15-image\" alt=\"\" srcset=\"https:\/\/healthdesire.online\/wp-content\/uploads\/2025\/12\/cropped-LP-NIGHT-8.png 1078w, https:\/\/healthdesire.online\/wp-content\/uploads\/2025\/12\/cropped-LP-NIGHT-8-300x72.png 300w, https:\/\/healthdesire.online\/wp-content\/uploads\/2025\/12\/cropped-LP-NIGHT-8-1024x244.png 1024w, https:\/\/healthdesire.online\/wp-content\/uploads\/2025\/12\/cropped-LP-NIGHT-8-768x183.png 768w\" sizes=\"auto, (max-width: 1078px) 100vw, 1078px\" \/>\n                      <div class=\"h-image__frame h-hide-lg h-hide-md h-hide-sm style-5298-frameImage style-local-6105-c15-frameImage\"><\/div>\n                    <\/div>\n                  <\/div>\n                <\/div>\n                <div data-colibri-id=\"6105-c6\" class=\"h-contact-form__outer--forminator style-5181 style-local-6105-c6 position-relative h-element\">\n                  <!---->\n                  <div class=\"h-global-transition-all h-global-transition h-global-transition-all h-contact-form-shortcode\"><div class=\"forminator-ui forminator-custom-form forminator-custom-form-6129 forminator-design--default  forminator_ajax\" data-forminator-render=\"1\" data-form=\"forminator-module-6129\" data-uid=\"69dce028e797a\"><br\/><\/div><form\n\t\t\t\tid=\"forminator-module-6129\"\n\t\t\t\tclass=\"forminator-ui forminator-custom-form forminator-custom-form-6129 forminator-design--default  forminator_ajax\"\n\t\t\t\tmethod=\"post\"\n\t\t\t\tdata-forminator-render=\"1\"\n\t\t\t\tdata-form-id=\"6129\"\n\t\t\t\t data-color-option=\"default\" data-design=\"default\" data-grid=\"open\" style=\"display: none;\"\n\t\t\t\tdata-uid=\"69dce028e797a\"\n\t\t\t><div role=\"alert\" aria-live=\"polite\" class=\"forminator-response-message forminator-error\" aria-hidden=\"true\"><\/div><div class=\"forminator-row\"><div id=\"name-1\" class=\"forminator-field-name forminator-col forminator-col-12 \"><div class=\"forminator-field\"><label for=\"forminator-field-name-1_69dce028e797a\" id=\"forminator-field-name-1_69dce028e797a-label\" class=\"forminator-label\">\u0627\u0644\u0625\u0633\u0645<\/label><input type=\"text\" name=\"name-1\" value=\"\" placeholder=\"\" id=\"forminator-field-name-1_69dce028e797a\" class=\"forminator-input forminator-name--field\" aria-required=\"false\" autocomplete=\"name\" \/><\/div><\/div><\/div><div class=\"forminator-row\"><div id=\"phone-1\" class=\"forminator-field-phone forminator-col forminator-col-12 \"><div class=\"forminator-field\"><label for=\"forminator-field-phone-1_69dce028e797a\" id=\"forminator-field-phone-1_69dce028e797a-label\" class=\"forminator-label\">\u0631\u0642\u0645 \u0627\u0644\u0647\u0627\u062a\u0641 <span class=\"forminator-required\">*<\/span><\/label><input type=\"text\" name=\"phone-1\" value=\"\" placeholder=\"\" id=\"forminator-field-phone-1_69dce028e797a\" class=\"forminator-input forminator-field--phone\" data-required=\"1\" aria-required=\"true\" autocomplete=\"off\" \/><\/div><\/div><\/div><div class=\"forminator-row forminator-hidden\"><input type=\"hidden\" id=\"hidden-1_69dce028e797a\" name=\"hidden-1\" value=\"12:23:04 pm, GMT+0000\" \/><\/div><div class=\"forminator-row forminator-hidden\"><input type=\"hidden\" id=\"hidden-2_69dce028e797a\" name=\"hidden-2\" value=\"13\/04\/2026\" \/><\/div><div class=\"forminator-row forminator-hidden\"><input type=\"hidden\" id=\"hidden-3_69dce028e797a\" name=\"hidden-3\" value=\"https:\/\/healthdesire.online\/?page_id=6105\" \/><\/div><div class=\"forminator-row forminator-hidden\"><input type=\"hidden\" id=\"hidden-4_69dce028e797a\" name=\"hidden-4\" value=\"https:\/\/healthdesire.online\/?page_id=6105\" \/><\/div><div class=\"forminator-row forminator-hidden\"><input type=\"hidden\" id=\"hidden-5_69dce028e797a\" name=\"hidden-5\" value=\"216.73.216.209\" \/><\/div><div class=\"forminator-row forminator-hidden\"><input type=\"hidden\" id=\"hidden-6_69dce028e797a\" name=\"hidden-6\" value=\"6942d045c6b5e9d10\" \/><\/div><input type=\"hidden\" name=\"referer_url\" value=\"\" \/><div class=\"forminator-row forminator-row-last\"><div class=\"forminator-col\"><div class=\"forminator-field\"><button class=\"forminator-button forminator-button-submit\">\u0627\u0644\u0625\u0631\u0633\u0627\u0644<\/button><\/div><\/div><\/div><input type=\"hidden\" id=\"forminator_nonce\" name=\"forminator_nonce\" value=\"59fb70a1b6\" \/><input type=\"hidden\" name=\"_wp_http_referer\" value=\"\/index.php?rest_route=%2Fwp%2Fv2%2Fpages%2F6105\" \/><input type=\"hidden\" name=\"form_id\" value=\"6129\"><input type=\"hidden\" name=\"page_id\" value=\"6105\"><input type=\"hidden\" name=\"form_type\" value=\"default\"><input type=\"hidden\" name=\"current_url\" value=\"https:\/\/healthdesire.online\/?page_id=6105\"><input type=\"hidden\" name=\"render_id\" value=\"1\"><input type=\"hidden\" name=\"action\" value=\"forminator_submit_form_custom-forms\"><\/form><\/div>\n                <\/div>\n              <\/div>\n            <\/div>\n          <\/div>\n        <\/div>\n      <\/div>\n    <\/div>\n  <\/div>\n  <div data-colibri-component=\"section\" data-colibri-id=\"6105-c11\" id=\"custom\" class=\"h-section h-section-global-spacing d-flex align-items-lg-center align-items-md-center align-items-center style-5186 style-local-6105-c11 position-relative\">\n    <!---->\n    <!---->\n    <div class=\"h-section-grid-container h-section-boxed-container\">\n      <!---->\n      <div data-colibri-id=\"6105-c12\" class=\"h-row-container gutters-row-lg-2 gutters-row-md-2 gutters-row-0 gutters-row-v-lg-2 gutters-row-v-md-2 gutters-row-v-2 style-5187 style-local-6105-c12 position-relative\">\n        <!---->\n        <div class=\"h-row justify-content-lg-center justify-content-md-center justify-content-center align-items-lg-stretch align-items-md-stretch align-items-stretch gutters-col-lg-2 gutters-col-md-2 gutters-col-0 gutters-col-v-lg-2 gutters-col-v-md-2 gutters-col-v-2\">\n          <!---->\n          <div class=\"h-column h-column-container d-flex h-col-lg-auto h-col-md-auto h-col-auto style-5188-outer style-local-6105-c13-outer\">\n            <div data-colibri-id=\"6105-c13\" class=\"d-flex h-flex-basis h-column__inner h-px-lg-2 h-px-md-2 h-px-2 v-inner-lg-2 v-inner-md-2 v-inner-2 style-5188 style-local-6105-c13 position-relative\">\n              <!---->\n              <!---->\n              <div class=\"w-100 h-y-container h-column__content h-column__v-align flex-basis-100 align-self-lg-start align-self-md-start align-self-start\">\n                <!---->\n                <div data-colibri-id=\"6105-c14\" class=\"d-block style-5189 style-local-6105-c14 position-relative h-element\">\n                  <!---->\n                  <div class=\"h-image__frame-container-outer\">\n                    <div class=\"h-image__frame-container\">\n                      <!---->\n                      <!---->\n                      <img loading=\"lazy\" decoding=\"async\" width=\"1080\" height=\"1920\" src=\"https:\/\/healthdesire.online\/wp-content\/uploads\/2025\/12\/Copie-de-LP-BRAIN-UP-19.jpg\" class=\"wp-image-6128 style-5189-image style-local-6105-c14-image\" alt=\"\" srcset=\"https:\/\/healthdesire.online\/wp-content\/uploads\/2025\/12\/Copie-de-LP-BRAIN-UP-19.jpg 1080w, https:\/\/healthdesire.online\/wp-content\/uploads\/2025\/12\/Copie-de-LP-BRAIN-UP-19-169x300.jpg 169w, https:\/\/healthdesire.online\/wp-content\/uploads\/2025\/12\/Copie-de-LP-BRAIN-UP-19-576x1024.jpg 576w, https:\/\/healthdesire.online\/wp-content\/uploads\/2025\/12\/Copie-de-LP-BRAIN-UP-19-768x1365.jpg 768w, https:\/\/healthdesire.online\/wp-content\/uploads\/2025\/12\/Copie-de-LP-BRAIN-UP-19-864x1536.jpg 864w\" sizes=\"auto, (max-width: 1080px) 100vw, 1080px\" \/>\n                      <div class=\"h-image__frame h-hide-lg h-hide-md h-hide-sm style-5189-frameImage style-local-6105-c14-frameImage\"><\/div>\n                    <\/div>\n                  <\/div>\n                <\/div>\n              <\/div>\n            <\/div>\n          <\/div>\n        <\/div>\n      <\/div>\n    <\/div>\n  <\/div>\n<\/div>","protected":false},"excerpt":{"rendered":"<p>X \u0623\u0637\u0644\u0628 \u0627\u0644\u0622\u0646 \u0648\u0627\u0631\u0628\u062d %50 \u0633\u062a\u062a\u0635\u0644 \u0628\u0643\u0645 \u0623\u062e\u0635\u0627\u0626\u064a\u0629 \u0644\u062a\u0632\u0648\u064a\u062f\u0643\u0645 \u0628\u0627\u0644\u0633\u0639\u0631 \u0648\u0644\u0645\u0646\u062d\u0643\u0645 \u0627\u0633\u062a\u0634\u0627\u0631\u0629 \u0645\u062c\u0627\u0646\u064a\u0629 \u0627\u0644\u0643\u0645\u064a\u0629 \u0627\u0644\u0645\u062a\u0628\u0642\u064a\u0629: 356<\/p>\n","protected":false},"author":1,"featured_media":0,"parent":0,"menu_order":0,"comment_status":"closed","ping_status":"closed","template":"page-templates\/full-width-page.php","meta":{"_monsterinsights_skip_tracking":false,"_monsterinsights_sitenote_active":false,"_monsterinsights_sitenote_note":"","_monsterinsights_sitenote_category":0,"footnotes":""},"class_list":["post-6105","page","type-page","status-publish","hentry"],"_links":{"self":[{"href":"https:\/\/healthdesire.online\/index.php?rest_route=\/wp\/v2\/pages\/6105","targetHints":{"allow":["GET"]}}],"collection":[{"href":"https:\/\/healthdesire.online\/index.php?rest_route=\/wp\/v2\/pages"}],"about":[{"href":"https:\/\/healthdesire.online\/index.php?rest_route=\/wp\/v2\/types\/page"}],"author":[{"embeddable":true,"href":"https:\/\/healthdesire.online\/index.php?rest_route=\/wp\/v2\/users\/1"}],"replies":[{"embeddable":true,"href":"https:\/\/healthdesire.online\/index.php?rest_route=%2Fwp%2Fv2%2Fcomments&post=6105"}],"version-history":[{"count":7,"href":"https:\/\/healthdesire.online\/index.php?rest_route=\/wp\/v2\/pages\/6105\/revisions"}],"predecessor-version":[{"id":7025,"href":"https:\/\/healthdesire.online\/index.php?rest_route=\/wp\/v2\/pages\/6105\/revisions\/7025"}],"wp:attachment":[{"href":"https:\/\/healthdesire.online\/index.php?rest_route=%2Fwp%2Fv2%2Fmedia&parent=6105"}],"curies":[{"name":"wp","href":"https:\/\/api.w.org\/{rel}","templated":true}]}}